{"id":13,"date":"2020-03-10T14:46:37","date_gmt":"2020-03-10T14:46:37","guid":{"rendered":"https:\/\/www.cadaumcomseupar.pt\/blog\/?page_id=13"},"modified":"2020-09-06T18:46:38","modified_gmt":"2020-09-06T18:46:38","slug":"noticias-de-amor-pareja-sexo-y-amistad","status":"publish","type":"page","link":"https:\/\/www.cadaumcomseupar.pt\/blog\/","title":{"rendered":"Not\u00edcias de amor, casal, sexo e amizade"},"content":{"rendered":"<p><img loading=\"lazy\" decoding=\"async\" class=\"alignright\" src=\"https:\/\/upload.wikimedia.org\/wikipedia\/commons\/6\/69\/Couple_01.JPG\" alt=\"Not\u00edcias de amor, casal, sexo e amizade\" width=\"250\" height=\"595\" \/>Not\u00edcias de amor, casal, sexo e amizade. Esse ser\u00e1 o objetivo deste blog. Fale sobre tudo o que tem a ver com amor, relacionamentos e tamb\u00e9m <a href=\"https:\/\/www.cadaumcomseupar.pt\/blog\/amizade\/\">amizade<\/a>. E certamente tamb\u00e9m falaremos sobre quest\u00f5es de sa\u00fade, porque ela tem um \u00f3timo relacionamento com o que foi dito antes. Tamb\u00e9m nos aventuraremos no mundo intrigante das pesquisas. De tempos em tempos, lan\u00e7aremos algumas perguntas atrav\u00e9s das redes sociais. Posteriormente, analisaremos os resultados e ofereceremos nossas conclus\u00f5es.<\/p>\n<p>Esperamos ter um alcance suficientemente importante nas redes sociais para que os resultados sejam not\u00f3rios. Portanto, n\u00e3o tenha medo de participar de tais pesquisas, pois elas ser\u00e3o privadas. E certamente as conclus\u00f5es ser\u00e3o as mais impressionantes.<\/p>\n<p>Al\u00e9m disso, tamb\u00e9m traremos not\u00edcias vindas do exterior. Dos Estados Unidos e Canad\u00e1, passando pela Am\u00e9rica do Sul e pelo resto da Europa. Cada pa\u00eds tem uma maneira diferente de assistir as not\u00edcias de amor, parceiro, <a href=\"https:\/\/www.cadaumcomseupar.pt\/blog\/sexo\/\">sexo<\/a> e amizade.<\/p>\n<p>Lembre-se de que se voc\u00ea estiver interessado em encontrar um parceiro, <a href=\"https:\/\/www.cadaumcomseupar.pt\/blog\/amor\/\">amor<\/a> ou amizade, pode ir ao nosso <a href=\"https:\/\/www.cadaumcomseupar.pt\/\">site principal<\/a>. L\u00e1 voc\u00ea ter\u00e1 op\u00e7\u00f5es diferentes que se encaixam mais ao seu perfil de pesquisa. De relacionamentos espor\u00e1dicos a relacionamentos amorosos, passando por encontros casuais ou amizade. Voc\u00ea tamb\u00e9m pode entrar em contato com homens ou mulheres maduras em busca de casais mais jovens.<\/p>\n<p>Os seres humanos desenvolvem o intelecto e desenvolvem sentimentos. Mas a m\u00e1quina corporal ainda \u00e9 a de um primata. E quando esse primata se apaixona, o \u00f3rg\u00e3o que queima \u00e9 o c\u00e9rebro e n\u00e3o o cora\u00e7\u00e3o. Com o perd\u00e3o dos poetas.<\/p>\n<p>Como disse <a href=\"https:\/\/es.wikipedia.org\/wiki\/Antoine_de_Saint-Exup%C3%A9ry\" target=\"_blank\" rel=\"noopener noreferrer\">Antoine de Saint-Exup\u00e9ry<\/a>, \u00abamar n\u00e3o \u00e9 olhar um para o outro; \u00e9 olhar juntos na mesma dire\u00e7\u00e3o\u00bb. Esperamos que voc\u00ea goste muito deste blog.<\/p>\n<p>A equipe de \u00abCada um com seu par\u00bb.<\/p>\n","protected":false},"excerpt":{"rendered":"<p>Not\u00edcias de amor, casal, sexo e amizade. Esse ser\u00e1 o objetivo deste blog. Fale sobre tudo o que tem a ver com amor, relacionamentos e tamb\u00e9m amizade. E certamente tamb\u00e9m falaremos sobre quest\u00f5es de sa\u00fade, porque ela tem um \u00f3timo relacionamento com o que foi dito antes. Tamb\u00e9m nos aventuraremos no mundo intrigante das pesquisas. [&hellip;]<\/p>\n","protected":false},"author":1,"featured_media":0,"parent":0,"menu_order":0,"comment_status":"closed","ping_status":"closed","template":"","meta":{"site-sidebar-layout":"default","site-content-layout":"default","ast-site-content-layout":"","site-content-style":"default","site-sidebar-style":"default","ast-global-header-display":"","ast-banner-title-visibility":"","ast-main-header-display":"","ast-hfb-above-header-display":"","ast-hfb-below-header-display":"","ast-hfb-mobile-header-display":"","site-post-title":"","ast-breadcrumbs-content":"","ast-featured-img":"","footer-sml-layout":"","theme-transparent-header-meta":"default","adv-header-id-meta":"","stick-header-meta":"","header-above-stick-meta":"","header-main-stick-meta":"","header-below-stick-meta":"","astra-migrate-meta-layouts":"default","ast-page-background-enabled":"default","ast-page-background-meta":{"desktop":{"background-color":"","background-image":"","background-repeat":"repeat","background-position":"center center","background-size":"auto","background-attachment":"scroll","background-type":"","background-media":"","overlay-type":"","overlay-color":"","overlay-gradient":""},"tablet":{"background-color":"","background-image":"","background-repeat":"repeat","background-position":"center center","background-size":"auto","background-attachment":"scroll","background-type":"","background-media":"","overlay-type":"","overlay-color":"","overlay-gradient":""},"mobile":{"background-color":"","background-image":"","background-repeat":"repeat","background-position":"center center","background-size":"auto","background-attachment":"scroll","background-type":"","background-media":"","overlay-type":"","overlay-color":"","overlay-gradient":""}},"ast-content-background-meta":{"desktop":{"background-color":"var(--ast-global-color-5)","background-image":"","background-repeat":"repeat","background-position":"center center","background-size":"auto","background-attachment":"scroll","background-type":"","background-media":"","overlay-type":"","overlay-color":"","overlay-gradient":""},"tablet":{"background-color":"var(--ast-global-color-5)","background-image":"","background-repeat":"repeat","background-position":"center center","background-size":"auto","background-attachment":"scroll","background-type":"","background-media":"","overlay-type":"","overlay-color":"","overlay-gradient":""},"mobile":{"background-color":"var(--ast-global-color-5)","background-image":"","background-repeat":"repeat","background-position":"center center","background-size":"auto","background-attachment":"scroll","background-type":"","background-media":"","overlay-type":"","overlay-color":"","overlay-gradient":""}},"footnotes":""},"_links":{"self":[{"href":"https:\/\/www.cadaumcomseupar.pt\/blog\/wp-json\/wp\/v2\/pages\/13"}],"collection":[{"href":"https:\/\/www.cadaumcomseupar.pt\/blog\/wp-json\/wp\/v2\/pages"}],"about":[{"href":"https:\/\/www.cadaumcomseupar.pt\/blog\/wp-json\/wp\/v2\/types\/page"}],"author":[{"embeddable":true,"href":"https:\/\/www.cadaumcomseupar.pt\/blog\/wp-json\/wp\/v2\/users\/1"}],"replies":[{"embeddable":true,"href":"https:\/\/www.cadaumcomseupar.pt\/blog\/wp-json\/wp\/v2\/comments?post=13"}],"version-history":[{"count":5,"href":"https:\/\/www.cadaumcomseupar.pt\/blog\/wp-json\/wp\/v2\/pages\/13\/revisions"}],"predecessor-version":[{"id":223,"href":"https:\/\/www.cadaumcomseupar.pt\/blog\/wp-json\/wp\/v2\/pages\/13\/revisions\/223"}],"wp:attachment":[{"href":"https:\/\/www.cadaumcomseupar.pt\/blog\/wp-json\/wp\/v2\/media?parent=13"}],"curies":[{"name":"wp","href":"https:\/\/api.w.org\/{rel}","templated":true}]}}